{"id":8201,"date":"2019-11-25T22:10:47","date_gmt":"2019-11-25T22:10:47","guid":{"rendered":"https:\/\/dajk.si\/ask-us\/"},"modified":"2020-09-12T15:59:01","modified_gmt":"2020-09-12T15:59:01","slug":"send-a-question","status":"publish","type":"page","link":"https:\/\/dajk.si\/en\/send-a-question\/","title":{"rendered":"Ask us"},"content":{"rendered":"<p><div class=\"fusion-fullwidth fullwidth-box fusion-builder-row-1 fusion-parallax-none hundred-percent-fullwidth non-hundred-percent-height-scrolling fusion-equal-height-columns lazyload\" style=\"--awb-border-radius-top-left:0px;--awb-border-radius-top-right:0px;--awb-border-radius-bottom-right:0px;--awb-border-radius-bottom-left:0px;--awb-padding-right:0px;--awb-padding-left:0px;--awb-background-color:#ffffff;--awb-background-size:cover;--awb-border-sizes-top:0px;--awb-border-sizes-bottom:0px;--awb-flex-wrap:wrap;\" data-bg=\"https:\/\/dajk.si\/wp-content\/uploads\/2017\/02\/DAJK_Slider_Vprasajte_Nas_2000x821.jpg\" ><div class=\"fusion-builder-row fusion-row\"><div class=\"fusion-layout-column fusion_builder_column fusion-builder-column-0 fusion_builder_column_1_1 1_1 fusion-one-full fusion-column-first fusion-column-last\" style=\"--awb-bg-position:center center;--awb-bg-size:cover;\"><div class=\"fusion-column-wrapper lazyload fusion-column-has-shadow fusion-flex-column-wrapper-legacy fusion-column-has-bg-image\" data-bg-url=\"https:\/\/dajk.si\/wp-content\/uploads\/2017\/02\/DAJK_Slider_Vprasajte_Nas_2000x821.jpg\" data-bg=\"https:\/\/dajk.si\/wp-content\/uploads\/2017\/02\/DAJK_Slider_Vprasajte_Nas_2000x821.jpg\"><div class=\"fusion-column-content-centered\"><div class=\"fusion-column-content\"><div class=\"fusion-sep-clear\"><\/div><div class=\"fusion-separator fusion-full-width-sep\" style=\"margin-left: auto;margin-right: auto;margin-top:50px;margin-bottom:50px;width:100%;\"><\/div><div class=\"fusion-sep-clear\"><\/div><div class=\"fusion-text fusion-text-1\"><h1 style=\"text-align: center;\"><span style=\"font-size: 55px; color: #ffffff;\">HOW CAN WE HELP YOU?<\/span><\/h1>\n<\/div><div class=\"fusion-sep-clear\"><\/div><div class=\"fusion-separator fusion-full-width-sep\" style=\"margin-left: auto;margin-right: auto;margin-top:50px;margin-bottom:50px;width:100%;\"><\/div><div class=\"fusion-sep-clear\"><\/div><\/div><\/div><div class=\"fusion-clearfix\"><\/div><\/div><\/div><\/div><\/div><div class=\"fusion-fullwidth fullwidth-box fusion-builder-row-2 hundred-percent-fullwidth non-hundred-percent-height-scrolling\" style=\"--awb-border-radius-top-left:0px;--awb-border-radius-top-right:0px;--awb-border-radius-bottom-right:0px;--awb-border-radius-bottom-left:0px;--awb-flex-wrap:wrap;\" ><div class=\"fusion-builder-row fusion-row\"><div class=\"fusion-layout-column fusion_builder_column fusion-builder-column-1 fusion_builder_column_3_5 3_5 fusion-three-fifth fusion-column-first fusion-column-no-min-height\" style=\"--awb-padding-right:0px;--awb-padding-left:0px;--awb-bg-size:cover;width:60%;width:calc(60% - ( ( 4% ) * 0.6 ) );margin-right: 4%;\"><div class=\"fusion-column-wrapper fusion-column-has-shadow fusion-flex-column-wrapper-legacy\"><div class=\"fusion-column-content-centered\"><div class=\"fusion-column-content\"><div class=\"fusion-text fusion-text-2\"><p><iframe style=\"position: relative; width: 1px; min-width: 100%; *width: 100%;\" src=\"https:\/\/services.cognitoforms.com\/f\/bUfFnwN8002Pa9CcR4rrZg?id=15\" width=\"100%\" height=\"835\" frameborder=\"0\" scrolling=\"yes\" seamless=\"seamless\"><\/iframe><br \/>\n<script src=\"https:\/\/services.cognitoforms.com\/scripts\/embed.js\"><\/script><\/p>\n<\/div><\/div><\/div><div class=\"fusion-clearfix\"><\/div><\/div><\/div><div class=\"fusion-layout-column fusion_builder_column fusion-builder-column-2 fusion_builder_column_2_5 2_5 fusion-two-fifth fusion-column-last fusion-column-no-min-height\" style=\"--awb-padding-top:5%;--awb-padding-right:10%;--awb-padding-bottom:5%;--awb-padding-left:10%;--awb-bg-color:#f5f5f5;--awb-bg-color-hover:#f5f5f5;--awb-bg-size:cover;width:40%;width:calc(40% - ( ( 4% ) * 0.4 ) );\"><div class=\"fusion-column-wrapper fusion-column-has-shadow fusion-flex-column-wrapper-legacy\"><div class=\"fusion-column-content-centered\"><div class=\"fusion-column-content\"><div class=\"fusion-text fusion-text-3\"><h5 style=\"font-size: 15px; letter-spacing: 1px;\">DAJK, zastopstvo, trgovina in projektiranje d.o.o.<\/h5>\n<\/div><div class=\"fusion-sep-clear\"><\/div><div class=\"fusion-separator\" style=\"margin-left: auto;margin-right: auto;margin-bottom:30px;width:100%;max-width:60px;\"><div class=\"fusion-separator-border sep-single sep-solid\" style=\"--awb-height:20px;--awb-amount:20px;--awb-sep-color:#fed03d;border-color:#fed03d;border-top-width:2px;\"><\/div><\/div><div class=\"fusion-sep-clear\"><\/div><ul style=\"--awb-iconcolor:#717171;--awb-line-height:23.8px;--awb-icon-width:23.8px;--awb-icon-height:23.8px;--awb-icon-margin:9.8px;--awb-content-margin:33.6px;\" class=\"fusion-checklist fusion-checklist-1 fusion-checklist-default type-icons\"><li class=\"fusion-li-item\" style=\"\"><span class=\"icon-wrapper circle-no\"><i class=\"fusion-li-icon fa-home fas\" aria-hidden=\"true\"><\/i><\/span><div class=\"fusion-li-item-content\">\n<p>\u0160olska ulica 1<br \/>\n3215 Lo\u010de<br \/>\nSLOVENIA<\/p>\n<\/div><\/li><li class=\"fusion-li-item\" style=\"\"><span class=\"icon-wrapper circle-no\"><i class=\"fusion-li-icon fa-phone fas\" aria-hidden=\"true\"><\/i><\/span><div class=\"fusion-li-item-content\">\n<p>+386 (0)70 77 00 55<\/p>\n<\/div><\/li><li class=\"fusion-li-item\" style=\"\"><span class=\"icon-wrapper circle-no\"><i class=\"fusion-li-icon fa-envelope far\" aria-hidden=\"true\"><\/i><\/span><div class=\"fusion-li-item-content\">\n<p>info@dajk.si<\/p>\n<\/div><\/li><\/ul><div class=\"fusion-sep-clear\"><\/div><div class=\"fusion-separator\" style=\"margin-left: auto;margin-right: auto;margin-bottom:30px;width:100%;max-width:60px;\"><div class=\"fusion-separator-border sep-single sep-solid\" style=\"--awb-height:20px;--awb-amount:20px;--awb-sep-color:#fed03d;border-color:#fed03d;border-top-width:2px;\"><\/div><\/div><div class=\"fusion-sep-clear\"><\/div><div class=\"shortcode-map fusion-google-map fusion-maps-embed-type\"><iframe width=\"100%\" height=\"300px\" frameborder=\"0\" style=\"border:0\" src=\"https:\/\/www.google.com\/maps\/embed\/v1\/place?key=AIzaSyCovyp1PlRCLQ6rQO8JjqRgK7G1F_VDz9Q&language=en&q=\u0160olska+ulica+1,+3215+Lo\u010de,+Slovenija&maptype=roadmap&zoom=14\" allowfullscreen><\/iframe><\/div><\/div><\/div><div class=\"fusion-clearfix\"><\/div><\/div><\/div><\/div><\/div><\/p>\n","protected":false},"excerpt":{"rendered":"","protected":false},"author":1,"featured_media":0,"parent":0,"menu_order":0,"comment_status":"closed","ping_status":"closed","template":"100-width.php","meta":{"footnotes":""},"class_list":["post-8201","page","type-page","status-publish","hentry"],"yoast_head":"<!-- This site is optimized with the Yoast SEO plugin v27.2 - https:\/\/yoast.com\/product\/yoast-seo-wordpress\/ -->\n<title>Ask us - DAJK<\/title>\n<meta name=\"robots\" content=\"index, follow, max-snippet:-1, max-image-preview:large, max-video-preview:-1\" \/>\n<link rel=\"canonical\" href=\"https:\/\/dajk.si\/en\/send-a-question\/\" \/>\n<meta property=\"og:locale\" content=\"en_US\" \/>\n<meta property=\"og:type\" content=\"article\" \/>\n<meta property=\"og:title\" content=\"Ask us - DAJK\" \/>\n<meta property=\"og:url\" content=\"https:\/\/dajk.si\/en\/send-a-question\/\" \/>\n<meta property=\"og:site_name\" content=\"DAJK\" \/>\n<meta property=\"article:publisher\" content=\"https:\/\/facebook.com\/DAJKTrakMetSlovenija\" \/>\n<meta property=\"article:modified_time\" content=\"2020-09-12T15:59:01+00:00\" \/>\n<meta property=\"og:image\" content=\"https:\/\/dajk.si\/wp-content\/uploads\/2019\/02\/Promo_DAJK_1200x630_FB_Share.jpg\" \/>\n\t<meta property=\"og:image:width\" content=\"1200\" \/>\n\t<meta property=\"og:image:height\" content=\"630\" \/>\n\t<meta property=\"og:image:type\" content=\"image\/jpeg\" \/>\n<meta name=\"twitter:card\" content=\"summary_large_image\" \/>\n<meta name=\"twitter:label1\" content=\"Est. reading time\" \/>\n\t<meta name=\"twitter:data1\" content=\"5 minutes\" \/>\n<script type=\"application\/ld+json\" class=\"yoast-schema-graph\">{\"@context\":\"https:\/\/schema.org\",\"@graph\":[{\"@type\":\"WebPage\",\"@id\":\"https:\/\/dajk.si\/en\/send-a-question\/\",\"url\":\"https:\/\/dajk.si\/en\/send-a-question\/\",\"name\":\"Ask us - DAJK\",\"isPartOf\":{\"@id\":\"https:\/\/dajk.si\/#website\"},\"datePublished\":\"2019-11-25T22:10:47+00:00\",\"dateModified\":\"2020-09-12T15:59:01+00:00\",\"breadcrumb\":{\"@id\":\"https:\/\/dajk.si\/en\/send-a-question\/#breadcrumb\"},\"inLanguage\":\"en-US\",\"potentialAction\":[{\"@type\":\"ReadAction\",\"target\":[\"https:\/\/dajk.si\/en\/send-a-question\/\"]}]},{\"@type\":\"BreadcrumbList\",\"@id\":\"https:\/\/dajk.si\/en\/send-a-question\/#breadcrumb\",\"itemListElement\":[{\"@type\":\"ListItem\",\"position\":1,\"name\":\"Home\",\"item\":\"https:\/\/dajk.si\/en\/\"},{\"@type\":\"ListItem\",\"position\":2,\"name\":\"Ask us\"}]},{\"@type\":\"WebSite\",\"@id\":\"https:\/\/dajk.si\/#website\",\"url\":\"https:\/\/dajk.si\/\",\"name\":\"DAJK\",\"description\":\"Trak-Met tra\u010dne \u017eage za razrez hlodovine, tra\u010dni listi in brusilnica tra\u010dnih listov\",\"publisher\":{\"@id\":\"https:\/\/dajk.si\/#organization\"},\"potentialAction\":[{\"@type\":\"SearchAction\",\"target\":{\"@type\":\"EntryPoint\",\"urlTemplate\":\"https:\/\/dajk.si\/?s={search_term_string}\"},\"query-input\":{\"@type\":\"PropertyValueSpecification\",\"valueRequired\":true,\"valueName\":\"search_term_string\"}}],\"inLanguage\":\"en-US\"},{\"@type\":\"Organization\",\"@id\":\"https:\/\/dajk.si\/#organization\",\"name\":\"DAJK d.o.o.\",\"url\":\"https:\/\/dajk.si\/\",\"logo\":{\"@type\":\"ImageObject\",\"inLanguage\":\"en-US\",\"@id\":\"https:\/\/dajk.si\/#\/schema\/logo\/image\/\",\"url\":\"https:\/\/dajk.si\/wp-content\/uploads\/2018\/12\/DAJK_Logo_Splet_400x247_Retina.png\",\"contentUrl\":\"https:\/\/dajk.si\/wp-content\/uploads\/2018\/12\/DAJK_Logo_Splet_400x247_Retina.png\",\"width\":400,\"height\":247,\"caption\":\"DAJK d.o.o.\"},\"image\":{\"@id\":\"https:\/\/dajk.si\/#\/schema\/logo\/image\/\"},\"sameAs\":[\"https:\/\/facebook.com\/DAJKTrakMetSlovenija\"]}]}<\/script>\n<!-- \/ Yoast SEO plugin. -->","yoast_head_json":{"title":"Ask us - DAJK","robots":{"index":"index","follow":"follow","max-snippet":"max-snippet:-1","max-image-preview":"max-image-preview:large","max-video-preview":"max-video-preview:-1"},"canonical":"https:\/\/dajk.si\/en\/send-a-question\/","og_locale":"en_US","og_type":"article","og_title":"Ask us - DAJK","og_url":"https:\/\/dajk.si\/en\/send-a-question\/","og_site_name":"DAJK","article_publisher":"https:\/\/facebook.com\/DAJKTrakMetSlovenija","article_modified_time":"2020-09-12T15:59:01+00:00","og_image":[{"width":1200,"height":630,"url":"https:\/\/dajk.si\/wp-content\/uploads\/2019\/02\/Promo_DAJK_1200x630_FB_Share.jpg","type":"image\/jpeg"}],"twitter_card":"summary_large_image","twitter_misc":{"Est. reading time":"5 minutes"},"schema":{"@context":"https:\/\/schema.org","@graph":[{"@type":"WebPage","@id":"https:\/\/dajk.si\/en\/send-a-question\/","url":"https:\/\/dajk.si\/en\/send-a-question\/","name":"Ask us - DAJK","isPartOf":{"@id":"https:\/\/dajk.si\/#website"},"datePublished":"2019-11-25T22:10:47+00:00","dateModified":"2020-09-12T15:59:01+00:00","breadcrumb":{"@id":"https:\/\/dajk.si\/en\/send-a-question\/#breadcrumb"},"inLanguage":"en-US","potentialAction":[{"@type":"ReadAction","target":["https:\/\/dajk.si\/en\/send-a-question\/"]}]},{"@type":"BreadcrumbList","@id":"https:\/\/dajk.si\/en\/send-a-question\/#breadcrumb","itemListElement":[{"@type":"ListItem","position":1,"name":"Home","item":"https:\/\/dajk.si\/en\/"},{"@type":"ListItem","position":2,"name":"Ask us"}]},{"@type":"WebSite","@id":"https:\/\/dajk.si\/#website","url":"https:\/\/dajk.si\/","name":"DAJK","description":"Trak-Met tra\u010dne \u017eage za razrez hlodovine, tra\u010dni listi in brusilnica tra\u010dnih listov","publisher":{"@id":"https:\/\/dajk.si\/#organization"},"potentialAction":[{"@type":"SearchAction","target":{"@type":"EntryPoint","urlTemplate":"https:\/\/dajk.si\/?s={search_term_string}"},"query-input":{"@type":"PropertyValueSpecification","valueRequired":true,"valueName":"search_term_string"}}],"inLanguage":"en-US"},{"@type":"Organization","@id":"https:\/\/dajk.si\/#organization","name":"DAJK d.o.o.","url":"https:\/\/dajk.si\/","logo":{"@type":"ImageObject","inLanguage":"en-US","@id":"https:\/\/dajk.si\/#\/schema\/logo\/image\/","url":"https:\/\/dajk.si\/wp-content\/uploads\/2018\/12\/DAJK_Logo_Splet_400x247_Retina.png","contentUrl":"https:\/\/dajk.si\/wp-content\/uploads\/2018\/12\/DAJK_Logo_Splet_400x247_Retina.png","width":400,"height":247,"caption":"DAJK d.o.o."},"image":{"@id":"https:\/\/dajk.si\/#\/schema\/logo\/image\/"},"sameAs":["https:\/\/facebook.com\/DAJKTrakMetSlovenija"]}]}},"_links":{"self":[{"href":"https:\/\/dajk.si\/en\/wp-json\/wp\/v2\/pages\/8201","targetHints":{"allow":["GET"]}}],"collection":[{"href":"https:\/\/dajk.si\/en\/wp-json\/wp\/v2\/pages"}],"about":[{"href":"https:\/\/dajk.si\/en\/wp-json\/wp\/v2\/types\/page"}],"author":[{"embeddable":true,"href":"https:\/\/dajk.si\/en\/wp-json\/wp\/v2\/users\/1"}],"replies":[{"embeddable":true,"href":"https:\/\/dajk.si\/en\/wp-json\/wp\/v2\/comments?post=8201"}],"version-history":[{"count":0,"href":"https:\/\/dajk.si\/en\/wp-json\/wp\/v2\/pages\/8201\/revisions"}],"wp:attachment":[{"href":"https:\/\/dajk.si\/en\/wp-json\/wp\/v2\/media?parent=8201"}],"curies":[{"name":"wp","href":"https:\/\/api.w.org\/{rel}","templated":true}]}}